{"id":45,"date":"2021-07-29T15:57:37","date_gmt":"2021-07-29T18:57:37","guid":{"rendered":"http:\/\/imperiodospaescps.com.br\/?page_id=45"},"modified":"2025-01-02T06:27:42","modified_gmt":"2025-01-02T09:27:42","slug":"sobre","status":"publish","type":"page","link":"https:\/\/imperiodospaescps.com.br\/?page_id=45","title":{"rendered":"H\u00e1 mais de 25 anos evoluindo para voc\u00ea"},"content":{"rendered":"\n<p>DESDE SUA FUNDA\u00c7\u00c3O EM MAIO DE 2000, SOB A MESMA GEST\u00c3O, <\/p>\n\n\n\n<p>TEMOS COMO MISS\u00c3O LEVAR AO NOSSOS CLIENTES N\u00c3O APENAS PRODUTOS DE QUALIDADE, MAS TAMB\u00c9M UMA EXPERI\u00caNCIA QUE ENVOLVA RESPEITO , CARINHO E PERSONALIZA\u00c7\u00c3O. VENHAM FAZER PARTE DESSA GRANDE FAM\u00cdLIA QUE CONSTRUIMOS H\u00c1 23 ANOS<\/p>\n","protected":false},"excerpt":{"rendered":"<p>DESDE SUA FUNDA\u00c7\u00c3O EM MAIO DE 2000, SOB A MESMA GEST\u00c3O, TEMOS COMO MISS\u00c3O LEVAR AO NOSSOS CLIENTES N\u00c3O APENAS PRODUTOS DE QUALIDADE, MAS TAMB\u00c9M UMA EXPERI\u00caNCIA QUE ENVOLVA RESPEITO , CARINHO E PERSONALIZA\u00c7\u00c3O. VENHAM FAZER PARTE DESSA GRANDE FAM\u00cdLIA QUE CONSTRUIMOS H\u00c1 23 ANOS<\/p>\n","protected":false},"author":1,"featured_media":84,"parent":0,"menu_order":0,"comment_status":"closed","ping_status":"closed","template":"","meta":{"footnotes":""},"class_list":["post-45","page","type-page","status-publish","has-post-thumbnail","hentry"],"_links":{"self":[{"href":"https:\/\/imperiodospaescps.com.br\/index.php?rest_route=\/wp\/v2\/pages\/45","targetHints":{"allow":["GET"]}}],"collection":[{"href":"https:\/\/imperiodospaescps.com.br\/index.php?rest_route=\/wp\/v2\/pages"}],"about":[{"href":"https:\/\/imperiodospaescps.com.br\/index.php?rest_route=\/wp\/v2\/types\/page"}],"author":[{"embeddable":true,"href":"https:\/\/imperiodospaescps.com.br\/index.php?rest_route=\/wp\/v2\/users\/1"}],"replies":[{"embeddable":true,"href":"https:\/\/imperiodospaescps.com.br\/index.php?rest_route=%2Fwp%2Fv2%2Fcomments&post=45"}],"version-history":[{"count":5,"href":"https:\/\/imperiodospaescps.com.br\/index.php?rest_route=\/wp\/v2\/pages\/45\/revisions"}],"predecessor-version":[{"id":196,"href":"https:\/\/imperiodospaescps.com.br\/index.php?rest_route=\/wp\/v2\/pages\/45\/revisions\/196"}],"wp:featuredmedia":[{"embeddable":true,"href":"https:\/\/imperiodospaescps.com.br\/index.php?rest_route=\/wp\/v2\/media\/84"}],"wp:attachment":[{"href":"https:\/\/imperiodospaescps.com.br\/index.php?rest_route=%2Fwp%2Fv2%2Fmedia&parent=45"}],"curies":[{"name":"wp","href":"https:\/\/api.w.org\/{rel}","templated":true}]}}