{"id":44,"date":"2021-07-29T15:57:37","date_gmt":"2021-07-29T18:57:37","guid":{"rendered":"http:\/\/imperiodospaescps.com.br\/?page_id=44"},"modified":"2023-11-16T08:06:46","modified_gmt":"2023-11-16T11:06:46","slug":"pagina-inicial","status":"publish","type":"page","link":"https:\/\/imperiodospaescps.com.br\/","title":{"rendered":"Seja bem-vindo!"},"content":{"rendered":"\n<p>Aqui voc\u00ea encontra todos os produtos que est\u00e3o dispon\u00edveis em nossa padaria. \u00c9 s\u00f3 acessar o menu card\u00e1pio e escolher as del\u00edcias que v\u00e3o fazer o seu dia mais feliz! Consulte o valor da taxa de entrega para compras acima de R$ 50,00.<\/p>\n","protected":false},"excerpt":{"rendered":"<p>Aqui voc\u00ea encontra todos os produtos que est\u00e3o dispon\u00edveis em nossa padaria. \u00c9 s\u00f3 acessar o menu card\u00e1pio e escolher as del\u00edcias que v\u00e3o fazer o seu dia mais feliz! Consulte o valor da taxa de entrega para compras acima de R$ 50,00.<\/p>\n","protected":false},"author":1,"featured_media":0,"parent":0,"menu_order":0,"comment_status":"closed","ping_status":"closed","template":"","meta":{"footnotes":""},"class_list":["post-44","page","type-page","status-publish","hentry"],"_links":{"self":[{"href":"https:\/\/imperiodospaescps.com.br\/index.php?rest_route=\/wp\/v2\/pages\/44","targetHints":{"allow":["GET"]}}],"collection":[{"href":"https:\/\/imperiodospaescps.com.br\/index.php?rest_route=\/wp\/v2\/pages"}],"about":[{"href":"https:\/\/imperiodospaescps.com.br\/index.php?rest_route=\/wp\/v2\/types\/page"}],"author":[{"embeddable":true,"href":"https:\/\/imperiodospaescps.com.br\/index.php?rest_route=\/wp\/v2\/users\/1"}],"replies":[{"embeddable":true,"href":"https:\/\/imperiodospaescps.com.br\/index.php?rest_route=%2Fwp%2Fv2%2Fcomments&post=44"}],"version-history":[{"count":6,"href":"https:\/\/imperiodospaescps.com.br\/index.php?rest_route=\/wp\/v2\/pages\/44\/revisions"}],"predecessor-version":[{"id":183,"href":"https:\/\/imperiodospaescps.com.br\/index.php?rest_route=\/wp\/v2\/pages\/44\/revisions\/183"}],"wp:attachment":[{"href":"https:\/\/imperiodospaescps.com.br\/index.php?rest_route=%2Fwp%2Fv2%2Fmedia&parent=44"}],"curies":[{"name":"wp","href":"https:\/\/api.w.org\/{rel}","templated":true}]}}